{"id":442,"date":"2020-12-04T13:03:27","date_gmt":"2020-12-04T13:03:27","guid":{"rendered":"https:\/\/www.newtogether.at\/general-terms-and-conditions\/"},"modified":"2021-03-12T14:50:21","modified_gmt":"2021-03-12T14:50:21","slug":"generelle-hinweise-fuer-die-teilnahme-des-oekf-an-projekten","status":"publish","type":"page","link":"https:\/\/www.newtogether.at\/de\/generelle-hinweise-fuer-die-teilnahme-des-oekf-an-projekten\/","title":{"rendered":"Generelle Hinweise f\u00fcr die Teilnahme des \u00d6KF an Projekten"},"content":{"rendered":"<h3 style=\"color: #f22318;\">Generelle Hinweise f\u00fcr die Teilnahme des \u00d6KF Bukarest an Projekten<\/h3>\n\n\n<p>1. Projektantr\u00e4ge f\u00fcr das #newTogether Projekt sind nur im Rahmen bestimmter \u00f6ffentlich ausgeschriebener Open-Calls an die \u00d6KF Bukarest zu senden.<\/p>\n\n\n\n<p>2. S\u00e4mtliche Zahlungen k\u00f6nnen erst <strong>nach den jeweils durchgef\u00fchrten und abgerechneten Projekten geleistet werden<\/strong>.<br><strong>Ausnahme<\/strong>: Durch das Kulturforum organisierte Flugtickets<\/p>\n\n\n\n<p><strong>Refundierungen<\/strong> erfolgen in der jeweiligen Landesw\u00e4hrung: Projektkosten in der Republik Rum\u00e4nien werden in RON refundiert.<\/p>\n\n\n\n<p>3. <strong><strong><strong>Jegliche Ank\u00fcndigungs- und Bewerbungsmaterialien<\/strong> <\/strong><\/strong>(Poster, Brosch\u00fcren Einladungen, etc.) haben die Unterst\u00fctzung des \u00d6KF Bukarest durch die Anbringung des Logos und durch die Erw\u00e4hnung des Satzes \u201eUnterst\u00fctzt durch das \u00d6sterreichische Kulturforum Bukarest\u201c zu dokumentieren.<\/p>\n\n\n\n<p>4. Der Projektnehmer verpflichtet sich, die elektronischen Versionen s\u00e4mtlicher Ank\u00fcndigungs- und Bewerbungsmaterialien <strong>sp\u00e4testens 3 Wochen vor der Veranstaltung <\/strong>dem \u00d6KF Bukarest\u00a0 zur Freigabe vor dem Druck und der Verteilung zu \u00fcbermitteln. Dem \u00d6KF Bukarest ist jeweils ein gedrucktes Exemplar der gedruckten Materialen zu \u00fcbermitteln. Das \u00d6KF Bukarest hat als Ziel nicht nur den Auftritt von K\u00fcnstlerinnen und K\u00fcnstler aus \u00d6sterreich in Rum\u00e4nien zu unterst\u00fctzen, sondern diese auch \u00fcber all seine Medienkan\u00e4le zu bewerben. <strong>Im Fall der Nichterf\u00fcllung dieser Vereinbarung beh\u00e4lt sich das \u00d6KF das Recht vor, die genehmigte Unterst\u00fctzung nicht im vollen Umfang zu leisten.<\/strong><\/p>\n\n\n\n<p>5. Der Projektnehmer\u00a0 sendet <strong>innerhalb von14 Tagen nach Abschluss des Projekts (f\u00fcr Projekte, die im Dezember stattfinden, unmittelbar nach der letzten Veranstaltung) einen Bericht auf Englisch oder Deutsch, <\/strong>der folgende Punkte zu beinhalten hat:<\/p>\n\n\n\n<ul><li>Titel\/Programm\/Thema der Veranstaltung<\/li><li>\u00d6sterreichische bzw. in \u00d6sterreich lebende Teilnehmer<\/li><li>Ort, Zeit<\/li><li>Besucherzahl: (Zahl der Besucher: Bei Ausstellung ist die Anzahl der gesamten Besucher anzugeben, die Besucheranzahl bei der Vernissage ist getrennt hervorzuheben); Teilnahme von Personen des \u00f6ffentlichen Lebens (Kultur, Politik, etc.), wenn zutreffend!<\/li><li>Andere Projektpartner&nbsp;<\/li><li>Kostenanteil der anderen Veranstaltungspartner (Zahlenangaben und Art der Kosten, z.B. Transport, Unterkunft, Logistik)<\/li><li>Beurteilung\/ Anmerkungen \/ Kommentare (narrativer Teil; z.B. Publikumsreaktionen)<\/li><li>Medienbericht \u2013 Artikel\/Interviews\/Erw\u00e4hnungen in der Presse (Printmedien und Online-Presse, TV, Radio). Bitte den Namen des Mediums, das Datum des Artikels erw\u00e4hnen und einen Link zum Artikel oder einen&nbsp; Scan \u00fcbermitteln!<\/li><\/ul>\n\n\n\n<p>6. <em>F\u00fcr nicht im geplanten Umfang realisierte Projekte erfolgen die Zahlungen <strong>nur anteilig.<\/strong><\/em><\/p>\n\n\n\n<p>7. <em>Unwahre oder unvollst\u00e4ndige Angaben zu den obigen Punkten machen vom \u00d6KF gegebene Zusagen <strong>ung\u00fcltig.<\/strong><\/em><\/p>\n\n\n\n<p>8. <strong><strong><strong><strong><strong>Die Abrechnung des Projekts hat bis sp\u00e4testens 30 Tage nach dem Ende zu erfolgen. Das \u00d6KF Bukarest beh\u00e4lt sich das Recht vor, die genehmigte Unterst\u00fctzung einzubehalten, wenn die Projektabrechnung nicht fristgerecht \u00fcbermittelt wird.<\/strong><\/strong><\/strong><\/strong><\/strong><\/p>\n\n\n\n<p>9. <strong><strong><strong><strong><em>Die Nichteinhaltung der oben angef\u00fchrten Bedingungen macht jegliche Vereinbarung mit dem \u00d6KF Bukarest ung\u00fcltig!<\/em><\/strong><\/strong><\/strong><\/strong><\/p>\n","protected":false},"excerpt":{"rendered":"<p>Generelle Hinweise f\u00fcr die Teilnahme des \u00d6KF Bukarest an Projekten 1. Projektantr\u00e4ge f\u00fcr das #newTogether Projekt sind nur im Rahmen bestimmter \u00f6ffentlich ausgeschriebener Open-Calls an die \u00d6KF Bukarest zu senden.<span class=\"excerpt-hellip\"> [\u2026]<\/span><\/p>\n","protected":false},"author":1,"featured_media":0,"parent":0,"menu_order":0,"comment_status":"closed","ping_status":"open","template":"","meta":[],"_links":{"self":[{"href":"https:\/\/www.newtogether.at\/de\/wp-json\/wp\/v2\/pages\/442"}],"collection":[{"href":"https:\/\/www.newtogether.at\/de\/wp-json\/wp\/v2\/pages"}],"about":[{"href":"https:\/\/www.newtogether.at\/de\/wp-json\/wp\/v2\/types\/page"}],"author":[{"embeddable":true,"href":"https:\/\/www.newtogether.at\/de\/wp-json\/wp\/v2\/users\/1"}],"replies":[{"embeddable":true,"href":"https:\/\/www.newtogether.at\/de\/wp-json\/wp\/v2\/comments?post=442"}],"version-history":[{"count":5,"href":"https:\/\/www.newtogether.at\/de\/wp-json\/wp\/v2\/pages\/442\/revisions"}],"predecessor-version":[{"id":555,"href":"https:\/\/www.newtogether.at\/de\/wp-json\/wp\/v2\/pages\/442\/revisions\/555"}],"wp:attachment":[{"href":"https:\/\/www.newtogether.at\/de\/wp-json\/wp\/v2\/media?parent=442"}],"curies":[{"name":"wp","href":"https:\/\/api.w.org\/{rel}","templated":true}]}}